                                                                                                                                                                                                                                                                                                                                                                                                                                                                                                                                                                                                                                                                                                                                                                                                                                                                                  {"id":4356,"date":"2021-07-12T13:34:47","date_gmt":"2021-07-12T13:34:47","guid":{"rendered":"http:\/\/demotiendaonline.unomasuno3.com\/?post_type=product&#038;p=4356"},"modified":"2021-07-12T13:38:11","modified_gmt":"2021-07-12T13:38:11","slug":"conjunto-mono","status":"publish","type":"product","link":"http:\/\/demotiendaonline.unomasuno3.com\/index.php\/producto\/conjunto-mono\/","title":{"rendered":"Conjunto Mo\u00f1o"},"content":{"rendered":"<p>-Conjunto en punto ingl\u00e9s 5 piezas en las tallas 1 y 2 (gorro, polo manga larga, vestido, pantal\u00f3n y zapatos).<\/p>\n<p>-Conjunto en punto ingl\u00e9s 4 piezas en la talla 4 (gorro, polo manga larga, vestido y pantal\u00f3n)<\/p>\n","protected":false},"excerpt":{"rendered":"<p>Talla: T2, T3<\/p>\n<p>Color: Melange, Chicle, Palo rosa, Rosado<\/p>\n","protected":false},"featured_media":4357,"comment_status":"open","ping_status":"closed","template":"","meta":{"om_disable_all_campaigns":false,"_monsterinsights_skip_tracking":false,"_monsterinsights_sitenote_active":false,"_monsterinsights_sitenote_note":"","_monsterinsights_sitenote_category":0},"product_cat":[33],"product_tag":[],"_links":{"self":[{"href":"http:\/\/demotiendaonline.unomasuno3.com\/index.php\/wp-json\/wp\/v2\/product\/4356"}],"collection":[{"href":"http:\/\/demotiendaonline.unomasuno3.com\/index.php\/wp-json\/wp\/v2\/product"}],"about":[{"href":"http:\/\/demotiendaonline.unomasuno3.com\/index.php\/wp-json\/wp\/v2\/types\/product"}],"replies":[{"embeddable":true,"href":"http:\/\/demotiendaonline.unomasuno3.com\/index.php\/wp-json\/wp\/v2\/comments?post=4356"}],"wp:featuredmedia":[{"embeddable":true,"href":"http:\/\/demotiendaonline.unomasuno3.com\/index.php\/wp-json\/wp\/v2\/media\/4357"}],"wp:attachment":[{"href":"http:\/\/demotiendaonline.unomasuno3.com\/index.php\/wp-json\/wp\/v2\/media?parent=4356"}],"wp:term":[{"taxonomy":"product_cat","embeddable":true,"href":"http:\/\/demotiendaonline.unomasuno3.com\/index.php\/wp-json\/wp\/v2\/product_cat?post=4356"},{"taxonomy":"product_tag","embeddable":true,"href":"http:\/\/demotiendaonline.unomasuno3.com\/index.php\/wp-json\/wp\/v2\/product_tag?post=4356"}],"curies":[{"name":"wp","href":"https:\/\/api.w.org\/{rel}","templated":true}]}}