                                                                                                                                                                                                                                                                                                                                                                                                                                                                                                                                                                                                                                                                                                                                                                                                                                                                                  {"id":168,"date":"2018-06-19T13:42:19","date_gmt":"2018-06-19T13:42:19","guid":{"rendered":"http:\/\/demotiendaonline.unomasuno3.com\/index.php\/producto\/assorted-coffee\/"},"modified":"2021-07-12T04:57:38","modified_gmt":"2021-07-12T04:57:38","slug":"assorted-coffee","status":"publish","type":"product","link":"http:\/\/demotiendaonline.unomasuno3.com\/index.php\/producto\/assorted-coffee\/","title":{"rendered":"Conjunto Princess"},"content":{"rendered":"<p>-Conjunto punto ingl\u00e9s forrado con algod\u00f3n 4 piezas en las tallas 1 y 2 (abrigo manga larga, pantal\u00f3n, gorro y zapatos).<\/p>\n<p>-Conjunto punto ingl\u00e9s forrado con algod\u00f3n 3 piezas en la talla 4 (abrigo manga larga, pantal\u00f3n, gorro y zapatos)<\/p>\n","protected":false},"excerpt":{"rendered":"<p>Talla: T1, T2, T4<\/p>\n<p>Color: Rojo, Chicle, Palo Rosa y Rosado<\/p>\n","protected":false},"featured_media":4310,"comment_status":"open","ping_status":"closed","template":"","meta":{"om_disable_all_campaigns":false,"_monsterinsights_skip_tracking":false,"_monsterinsights_sitenote_active":false,"_monsterinsights_sitenote_note":"","_monsterinsights_sitenote_category":0},"product_cat":[33],"product_tag":[],"_links":{"self":[{"href":"http:\/\/demotiendaonline.unomasuno3.com\/index.php\/wp-json\/wp\/v2\/product\/168"}],"collection":[{"href":"http:\/\/demotiendaonline.unomasuno3.com\/index.php\/wp-json\/wp\/v2\/product"}],"about":[{"href":"http:\/\/demotiendaonline.unomasuno3.com\/index.php\/wp-json\/wp\/v2\/types\/product"}],"replies":[{"embeddable":true,"href":"http:\/\/demotiendaonline.unomasuno3.com\/index.php\/wp-json\/wp\/v2\/comments?post=168"}],"wp:featuredmedia":[{"embeddable":true,"href":"http:\/\/demotiendaonline.unomasuno3.com\/index.php\/wp-json\/wp\/v2\/media\/4310"}],"wp:attachment":[{"href":"http:\/\/demotiendaonline.unomasuno3.com\/index.php\/wp-json\/wp\/v2\/media?parent=168"}],"wp:term":[{"taxonomy":"product_cat","embeddable":true,"href":"http:\/\/demotiendaonline.unomasuno3.com\/index.php\/wp-json\/wp\/v2\/product_cat?post=168"},{"taxonomy":"product_tag","embeddable":true,"href":"http:\/\/demotiendaonline.unomasuno3.com\/index.php\/wp-json\/wp\/v2\/product_tag?post=168"}],"curies":[{"name":"wp","href":"https:\/\/api.w.org\/{rel}","templated":true}]}}